{"id":84,"date":"2007-07-05T08:45:43","date_gmt":"2007-07-05T06:45:43","guid":{"rendered":"http:\/\/h1313429.stratoserver.net\/index.php\/fotos\/"},"modified":"2017-09-07T09:28:46","modified_gmt":"2017-09-07T07:28:46","slug":"fotos","status":"publish","type":"page","link":"https:\/\/www.dhd-maerkte.de\/?page_id=84","title":{"rendered":"Kontakt &#038; Reservierungen"},"content":{"rendered":"<h2 style=\"text-align: center;\">Hier k\u00f6nnen Sie uns eine Nachricht zukommen lassen.<\/h2>\n<h3 style=\"text-align: center;\">Wichtig f\u00fcr eine schnelle Bearbeitung.<\/h3>\n<h3 style=\"text-align: center;\">Unter Betreff bitte <span style=\"color: #ff0000;\"><strong>immer<\/strong> <\/span>den Markt eintragen, um den es geht.<\/h3>\n<h4 style=\"text-align: center;\">\u00a0Wir sind stets bem\u00fcht\u00a0 schnellstm\u00f6glich zu antworten. Bitte beachten Sie, das wir nach B\u00fcroschluss am Freitag um 12:00 Uhr keine Emails mehr bearbeiten und lesen k\u00f6nnen.<\/h4>\n<h3 style=\"text-align: center;\"><span style=\"color: #ff0000;\">Reservierungsanfragen sind generell m\u00f6glich f\u00fcr:<\/span><\/h3>\n<h6 style=\"text-align: center;\">\u00a0Bad Salzuflen Telekom sowie Messe Zentrum<\/h6>\n<h6 style=\"text-align: center;\">Langenhagen Neue Bult in der Halle sowie Marktbuden<\/h6>\n<h6 style=\"text-align: center;\">Osnabr\u00fcck Gro\u00dfflohmarkt Halle Gartlage in der Halle<\/h6>\n<h4 style=\"text-align: center;\">[contact-form-7 id=&#8220;4572&#8243; title=&#8220;Kontakt DHD&#8220;]<\/h4>\n<p style=\"text-align: center;\"><strong><span style=\"color: #ff0000;\">\u00a0Standpl\u00e4tze \u00fcber 8 Meter k\u00f6nnen auf jedem Markt eine Anmeldung senden!<\/span><\/strong><\/p>\n<p style=\"text-align: center;\"><strong><span style=\"color: #ff0000;\">Imbisse und Lebensmittel m\u00fcssen vorher immer eine ausf\u00fchrliche Bewerbung senden!<\/span><\/strong><\/p>\n<p style=\"text-align: left;\">Durch das Absenden der Reservierungsanfrage entsteht kein Anspruch auf einen Standplatz. Dieser muss erst vom zust\u00e4ndigen Marktleiter best\u00e4tigt werden. Dieses wird in der Regel durch eine Email oder durch einen Telefonanruf\u00a0 erledigt. ( Ihre Nummer dabei? )<\/p>\n<p style=\"text-align: left;\">Bitte beachten Sie, das Pl\u00e4tze, die zu einer bestimmten Uhrzeit ( In der Regel 7:00 Uhr ) nicht eingenommen worden sind, von unseren Mitarbeitern vergeben werden.<\/p>\n","protected":false},"excerpt":{"rendered":"<p>Hier k\u00f6nnen Sie uns eine Nachricht zukommen lassen. Wichtig f\u00fcr eine schnelle Bearbeitung. Unter Betreff&hellip; <a class=\"continue\" href=\"https:\/\/www.dhd-maerkte.de\/?page_id=84\">weiter lesen<span> Kontakt &#038; Reservierungen<\/span><\/a><\/p>\n","protected":false},"author":3,"featured_media":0,"parent":0,"menu_order":3,"comment_status":"closed","ping_status":"closed","template":"","meta":{"ngg_post_thumbnail":0,"footnotes":""},"class_list":["post-84","page","type-page","status-publish","hentry"],"yoast_head":"<!-- This site is optimized with the Yoast SEO plugin v27.4 - https:\/\/yoast.com\/product\/yoast-seo-wordpress\/ -->\n<title>Kontakt &amp; Reservierungen - DHD M\u00e4rkte<\/title>\n<meta name=\"robots\" content=\"index, follow, max-snippet:-1, max-image-preview:large, max-video-preview:-1\" \/>\n<link rel=\"canonical\" href=\"https:\/\/www.dhd-maerkte.de\/?page_id=84\" \/>\n<meta property=\"og:locale\" content=\"de_DE\" \/>\n<meta property=\"og:type\" content=\"article\" \/>\n<meta property=\"og:title\" content=\"Kontakt &amp; Reservierungen - DHD M\u00e4rkte\" \/>\n<meta property=\"og:description\" content=\"Hier k\u00f6nnen Sie uns eine Nachricht zukommen lassen. Wichtig f\u00fcr eine schnelle Bearbeitung. Unter Betreff&hellip; weiter lesen Kontakt &#038; Reservierungen\" \/>\n<meta property=\"og:url\" content=\"https:\/\/www.dhd-maerkte.de\/?page_id=84\" \/>\n<meta property=\"og:site_name\" content=\"DHD M\u00e4rkte\" \/>\n<meta property=\"article:modified_time\" content=\"2017-09-07T07:28:46+00:00\" \/>\n<meta name=\"twitter:card\" content=\"summary_large_image\" \/>\n<meta name=\"twitter:label1\" content=\"Gesch\u00e4tzte Lesezeit\" \/>\n\t<meta name=\"twitter:data1\" content=\"1\u00a0Minute\" \/>\n<script type=\"application\/ld+json\" class=\"yoast-schema-graph\">{\"@context\":\"https:\\\/\\\/schema.org\",\"@graph\":[{\"@type\":\"WebPage\",\"@id\":\"https:\\\/\\\/www.dhd-maerkte.de\\\/?page_id=84\",\"url\":\"https:\\\/\\\/www.dhd-maerkte.de\\\/?page_id=84\",\"name\":\"Kontakt & Reservierungen - DHD M\u00e4rkte\",\"isPartOf\":{\"@id\":\"https:\\\/\\\/www.dhd-maerkte.de\\\/#website\"},\"datePublished\":\"2007-07-05T06:45:43+00:00\",\"dateModified\":\"2017-09-07T07:28:46+00:00\",\"breadcrumb\":{\"@id\":\"https:\\\/\\\/www.dhd-maerkte.de\\\/?page_id=84#breadcrumb\"},\"inLanguage\":\"de\",\"potentialAction\":[{\"@type\":\"ReadAction\",\"target\":[\"https:\\\/\\\/www.dhd-maerkte.de\\\/?page_id=84\"]}]},{\"@type\":\"BreadcrumbList\",\"@id\":\"https:\\\/\\\/www.dhd-maerkte.de\\\/?page_id=84#breadcrumb\",\"itemListElement\":[{\"@type\":\"ListItem\",\"position\":1,\"name\":\"Startseite\",\"item\":\"https:\\\/\\\/www.dhd-maerkte.de\\\/\"},{\"@type\":\"ListItem\",\"position\":2,\"name\":\"Kontakt &#038; Reservierungen\"}]},{\"@type\":\"WebSite\",\"@id\":\"https:\\\/\\\/www.dhd-maerkte.de\\\/#website\",\"url\":\"https:\\\/\\\/www.dhd-maerkte.de\\\/\",\"name\":\"DHD M\u00e4rkte\",\"description\":\"Gro\u00dfflohm\u00e4rkte in deiner Region\",\"potentialAction\":[{\"@type\":\"SearchAction\",\"target\":{\"@type\":\"EntryPoint\",\"urlTemplate\":\"https:\\\/\\\/www.dhd-maerkte.de\\\/?s={search_term_string}\"},\"query-input\":{\"@type\":\"PropertyValueSpecification\",\"valueRequired\":true,\"valueName\":\"search_term_string\"}}],\"inLanguage\":\"de\"}]}<\/script>\n<!-- \/ Yoast SEO plugin. -->","yoast_head_json":{"title":"Kontakt & Reservierungen - DHD M\u00e4rkte","robots":{"index":"index","follow":"follow","max-snippet":"max-snippet:-1","max-image-preview":"max-image-preview:large","max-video-preview":"max-video-preview:-1"},"canonical":"https:\/\/www.dhd-maerkte.de\/?page_id=84","og_locale":"de_DE","og_type":"article","og_title":"Kontakt & Reservierungen - DHD M\u00e4rkte","og_description":"Hier k\u00f6nnen Sie uns eine Nachricht zukommen lassen. Wichtig f\u00fcr eine schnelle Bearbeitung. Unter Betreff&hellip; weiter lesen Kontakt &#038; Reservierungen","og_url":"https:\/\/www.dhd-maerkte.de\/?page_id=84","og_site_name":"DHD M\u00e4rkte","article_modified_time":"2017-09-07T07:28:46+00:00","twitter_card":"summary_large_image","twitter_misc":{"Gesch\u00e4tzte Lesezeit":"1\u00a0Minute"},"schema":{"@context":"https:\/\/schema.org","@graph":[{"@type":"WebPage","@id":"https:\/\/www.dhd-maerkte.de\/?page_id=84","url":"https:\/\/www.dhd-maerkte.de\/?page_id=84","name":"Kontakt & Reservierungen - DHD M\u00e4rkte","isPartOf":{"@id":"https:\/\/www.dhd-maerkte.de\/#website"},"datePublished":"2007-07-05T06:45:43+00:00","dateModified":"2017-09-07T07:28:46+00:00","breadcrumb":{"@id":"https:\/\/www.dhd-maerkte.de\/?page_id=84#breadcrumb"},"inLanguage":"de","potentialAction":[{"@type":"ReadAction","target":["https:\/\/www.dhd-maerkte.de\/?page_id=84"]}]},{"@type":"BreadcrumbList","@id":"https:\/\/www.dhd-maerkte.de\/?page_id=84#breadcrumb","itemListElement":[{"@type":"ListItem","position":1,"name":"Startseite","item":"https:\/\/www.dhd-maerkte.de\/"},{"@type":"ListItem","position":2,"name":"Kontakt &#038; Reservierungen"}]},{"@type":"WebSite","@id":"https:\/\/www.dhd-maerkte.de\/#website","url":"https:\/\/www.dhd-maerkte.de\/","name":"DHD M\u00e4rkte","description":"Gro\u00dfflohm\u00e4rkte in deiner Region","potentialAction":[{"@type":"SearchAction","target":{"@type":"EntryPoint","urlTemplate":"https:\/\/www.dhd-maerkte.de\/?s={search_term_string}"},"query-input":{"@type":"PropertyValueSpecification","valueRequired":true,"valueName":"search_term_string"}}],"inLanguage":"de"}]}},"_links":{"self":[{"href":"https:\/\/www.dhd-maerkte.de\/index.php?rest_route=\/wp\/v2\/pages\/84","targetHints":{"allow":["GET"]}}],"collection":[{"href":"https:\/\/www.dhd-maerkte.de\/index.php?rest_route=\/wp\/v2\/pages"}],"about":[{"href":"https:\/\/www.dhd-maerkte.de\/index.php?rest_route=\/wp\/v2\/types\/page"}],"author":[{"embeddable":true,"href":"https:\/\/www.dhd-maerkte.de\/index.php?rest_route=\/wp\/v2\/users\/3"}],"replies":[{"embeddable":true,"href":"https:\/\/www.dhd-maerkte.de\/index.php?rest_route=%2Fwp%2Fv2%2Fcomments&post=84"}],"version-history":[{"count":0,"href":"https:\/\/www.dhd-maerkte.de\/index.php?rest_route=\/wp\/v2\/pages\/84\/revisions"}],"wp:attachment":[{"href":"https:\/\/www.dhd-maerkte.de\/index.php?rest_route=%2Fwp%2Fv2%2Fmedia&parent=84"}],"curies":[{"name":"wp","href":"https:\/\/api.w.org\/{rel}","templated":true}]}}