{"id":76,"date":"2007-11-19T18:48:30","date_gmt":"2007-11-19T16:48:30","guid":{"rendered":"http:\/\/h1313429.stratoserver.net\/index.php\/fotos\/ikea-osnabruck-flohmarkt\/"},"modified":"2007-11-19T18:48:30","modified_gmt":"2007-11-19T16:48:30","slug":"ikea-osnabruck-flohmarkt","status":"publish","type":"page","link":"https:\/\/www.dhd-maerkte.de\/?page_id=76","title":{"rendered":"IKEA Osnabr\u00fcck Flohmarkt"},"content":{"rendered":"","protected":false},"excerpt":{"rendered":"","protected":false},"author":3,"featured_media":0,"parent":84,"menu_order":0,"comment_status":"closed","ping_status":"open","template":"","meta":{"ngg_post_thumbnail":0,"footnotes":""},"class_list":["post-76","page","type-page","status-publish","hentry"],"yoast_head":"<!-- This site is optimized with the Yoast SEO plugin v27.3 - https:\/\/yoast.com\/product\/yoast-seo-wordpress\/ -->\n<title>IKEA Osnabr\u00fcck Flohmarkt - DHD M\u00e4rkte<\/title>\n<meta name=\"robots\" content=\"index, follow, max-snippet:-1, max-image-preview:large, max-video-preview:-1\" \/>\n<link rel=\"canonical\" href=\"https:\/\/www.dhd-maerkte.de\/?page_id=76\" \/>\n<meta property=\"og:locale\" content=\"de_DE\" \/>\n<meta property=\"og:type\" content=\"article\" \/>\n<meta property=\"og:title\" content=\"IKEA Osnabr\u00fcck Flohmarkt - DHD M\u00e4rkte\" \/>\n<meta property=\"og:url\" content=\"https:\/\/www.dhd-maerkte.de\/?page_id=76\" \/>\n<meta property=\"og:site_name\" content=\"DHD M\u00e4rkte\" \/>\n<meta name=\"twitter:card\" content=\"summary_large_image\" \/>\n<script type=\"application\/ld+json\" class=\"yoast-schema-graph\">{\"@context\":\"https:\\\/\\\/schema.org\",\"@graph\":[{\"@type\":\"WebPage\",\"@id\":\"https:\\\/\\\/www.dhd-maerkte.de\\\/?page_id=76\",\"url\":\"https:\\\/\\\/www.dhd-maerkte.de\\\/?page_id=76\",\"name\":\"IKEA Osnabr\u00fcck Flohmarkt - DHD M\u00e4rkte\",\"isPartOf\":{\"@id\":\"https:\\\/\\\/www.dhd-maerkte.de\\\/#website\"},\"datePublished\":\"2007-11-19T16:48:30+00:00\",\"breadcrumb\":{\"@id\":\"https:\\\/\\\/www.dhd-maerkte.de\\\/?page_id=76#breadcrumb\"},\"inLanguage\":\"de\",\"potentialAction\":[{\"@type\":\"ReadAction\",\"target\":[\"https:\\\/\\\/www.dhd-maerkte.de\\\/?page_id=76\"]}]},{\"@type\":\"BreadcrumbList\",\"@id\":\"https:\\\/\\\/www.dhd-maerkte.de\\\/?page_id=76#breadcrumb\",\"itemListElement\":[{\"@type\":\"ListItem\",\"position\":1,\"name\":\"Startseite\",\"item\":\"https:\\\/\\\/www.dhd-maerkte.de\\\/\"},{\"@type\":\"ListItem\",\"position\":2,\"name\":\"Kontakt &#038; Reservierungen\",\"item\":\"https:\\\/\\\/www.dhd-maerkte.de\\\/?page_id=84\"},{\"@type\":\"ListItem\",\"position\":3,\"name\":\"IKEA Osnabr\u00fcck Flohmarkt\"}]},{\"@type\":\"WebSite\",\"@id\":\"https:\\\/\\\/www.dhd-maerkte.de\\\/#website\",\"url\":\"https:\\\/\\\/www.dhd-maerkte.de\\\/\",\"name\":\"DHD M\u00e4rkte\",\"description\":\"Gro\u00dfflohm\u00e4rkte in deiner Region\",\"potentialAction\":[{\"@type\":\"SearchAction\",\"target\":{\"@type\":\"EntryPoint\",\"urlTemplate\":\"https:\\\/\\\/www.dhd-maerkte.de\\\/?s={search_term_string}\"},\"query-input\":{\"@type\":\"PropertyValueSpecification\",\"valueRequired\":true,\"valueName\":\"search_term_string\"}}],\"inLanguage\":\"de\"}]}<\/script>\n<!-- \/ Yoast SEO plugin. -->","yoast_head_json":{"title":"IKEA Osnabr\u00fcck Flohmarkt - DHD M\u00e4rkte","robots":{"index":"index","follow":"follow","max-snippet":"max-snippet:-1","max-image-preview":"max-image-preview:large","max-video-preview":"max-video-preview:-1"},"canonical":"https:\/\/www.dhd-maerkte.de\/?page_id=76","og_locale":"de_DE","og_type":"article","og_title":"IKEA Osnabr\u00fcck Flohmarkt - DHD M\u00e4rkte","og_url":"https:\/\/www.dhd-maerkte.de\/?page_id=76","og_site_name":"DHD M\u00e4rkte","twitter_card":"summary_large_image","schema":{"@context":"https:\/\/schema.org","@graph":[{"@type":"WebPage","@id":"https:\/\/www.dhd-maerkte.de\/?page_id=76","url":"https:\/\/www.dhd-maerkte.de\/?page_id=76","name":"IKEA Osnabr\u00fcck Flohmarkt - DHD M\u00e4rkte","isPartOf":{"@id":"https:\/\/www.dhd-maerkte.de\/#website"},"datePublished":"2007-11-19T16:48:30+00:00","breadcrumb":{"@id":"https:\/\/www.dhd-maerkte.de\/?page_id=76#breadcrumb"},"inLanguage":"de","potentialAction":[{"@type":"ReadAction","target":["https:\/\/www.dhd-maerkte.de\/?page_id=76"]}]},{"@type":"BreadcrumbList","@id":"https:\/\/www.dhd-maerkte.de\/?page_id=76#breadcrumb","itemListElement":[{"@type":"ListItem","position":1,"name":"Startseite","item":"https:\/\/www.dhd-maerkte.de\/"},{"@type":"ListItem","position":2,"name":"Kontakt &#038; Reservierungen","item":"https:\/\/www.dhd-maerkte.de\/?page_id=84"},{"@type":"ListItem","position":3,"name":"IKEA Osnabr\u00fcck Flohmarkt"}]},{"@type":"WebSite","@id":"https:\/\/www.dhd-maerkte.de\/#website","url":"https:\/\/www.dhd-maerkte.de\/","name":"DHD M\u00e4rkte","description":"Gro\u00dfflohm\u00e4rkte in deiner Region","potentialAction":[{"@type":"SearchAction","target":{"@type":"EntryPoint","urlTemplate":"https:\/\/www.dhd-maerkte.de\/?s={search_term_string}"},"query-input":{"@type":"PropertyValueSpecification","valueRequired":true,"valueName":"search_term_string"}}],"inLanguage":"de"}]}},"_links":{"self":[{"href":"https:\/\/www.dhd-maerkte.de\/index.php?rest_route=\/wp\/v2\/pages\/76","targetHints":{"allow":["GET"]}}],"collection":[{"href":"https:\/\/www.dhd-maerkte.de\/index.php?rest_route=\/wp\/v2\/pages"}],"about":[{"href":"https:\/\/www.dhd-maerkte.de\/index.php?rest_route=\/wp\/v2\/types\/page"}],"author":[{"embeddable":true,"href":"https:\/\/www.dhd-maerkte.de\/index.php?rest_route=\/wp\/v2\/users\/3"}],"replies":[{"embeddable":true,"href":"https:\/\/www.dhd-maerkte.de\/index.php?rest_route=%2Fwp%2Fv2%2Fcomments&post=76"}],"version-history":[{"count":0,"href":"https:\/\/www.dhd-maerkte.de\/index.php?rest_route=\/wp\/v2\/pages\/76\/revisions"}],"up":[{"embeddable":true,"href":"https:\/\/www.dhd-maerkte.de\/index.php?rest_route=\/wp\/v2\/pages\/84"}],"wp:attachment":[{"href":"https:\/\/www.dhd-maerkte.de\/index.php?rest_route=%2Fwp%2Fv2%2Fmedia&parent=76"}],"curies":[{"name":"wp","href":"https:\/\/api.w.org\/{rel}","templated":true}]}}