{"id":5730,"date":"2018-05-18T10:20:07","date_gmt":"2018-05-18T08:20:07","guid":{"rendered":"http:\/\/www.dhd-maerkte.de\/?page_id=5730"},"modified":"2025-07-16T12:55:08","modified_gmt":"2025-07-16T10:55:08","slug":"datenschutz","status":"publish","type":"page","link":"https:\/\/www.dhd-maerkte.de\/?page_id=5730","title":{"rendered":"Datenschutz"},"content":{"rendered":"<p>Wir freuen uns \u00fcber Ihr Interesse an unserer Website. Der Schutz Ihrer personenbezogenen Daten ist uns ein wichtiges Anliegen. Nachfolgend informieren wir Sie \u00fcber die Verarbeitung personenbezogener Daten auf unserer Website gem\u00e4\u00df den Vorgaben der Datenschutz-Grundverordnung (DSGVO).<\/p>\n<ol>\n<li>Verantwortlicher<\/li>\n<\/ol>\n<p>DHD M\u00e4rkte GmbH Begaer Stra\u00dfe 20 32683 Barntrup E-Mail: <a href=\"mailto:info@dhd-maerkte.de\">info@dhd-maerkte.de<\/a><\/p>\n<ol start=\"2\">\n<li>Zugriffsdaten und Hosting<\/li>\n<\/ol>\n<p>Beim Aufrufen unserer Website \u00fcbermittelt Ihr Browser automatisch Informationen an unseren Webserver (z.\u202fB. IP-Adresse, Datum und Uhrzeit des Zugriffs, Browsertyp). Diese Daten dienen der technischen Bereitstellung der Website und werden nicht mit anderen Datenquellen zusammengef\u00fchrt.<\/p>\n<p>Unser Hosting-Dienstleister ist: domainfactory GmbH, Oskar-Messter-Str. 33, 85737 Ismaning<\/p>\n<p>Ein Auftragsverarbeitungsvertrag gem\u00e4\u00df Art. 28 DSGVO wurde abgeschlossen.<\/p>\n<ol start=\"3\">\n<li>Kontaktformular<\/li>\n<\/ol>\n<p>Wenn Sie uns per Kontaktformular Anfragen zukommen lassen, werden Ihre Angaben inklusive der von Ihnen angegebenen Kontaktdaten gespeichert, um Ihre Anfrage zu bearbeiten. Diese Daten geben wir nicht ohne Ihre Einwilligung weiter.<\/p>\n<ol start=\"4\">\n<li>Einsatz von Google Analytics<\/li>\n<\/ol>\n<p>Diese Website verwendet Google Analytics, einen Webanalysedienst der Google Ireland Limited, Gordon House, Barrow Street, Dublin 4, Irland.<\/p>\n<p>Google Analytics verwendet sogenannte &#8222;Cookies&#8220;. Die durch Cookies erzeugten Informationen \u00fcber Ihre Benutzung dieser Website werden in der Regel an einen Server von Google in den USA \u00fcbertragen und dort gespeichert. IP-Adressen werden anonymisiert verarbeitet.<\/p>\n<p>Weitere Informationen zur Datenverarbeitung durch Google finden Sie unter: <a href=\"https:\/\/policies.google.com\/privacy\">https:\/\/policies.google.com\/privacy<\/a><\/p>\n<p>Sie k\u00f6nnen der Erfassung Ihrer Daten durch Google Analytics widersprechen, z.\u202fB. \u00fcber ein Browser-Add-on: <a href=\"https:\/\/tools.google.com\/dlpage\/gaoptout\">https:\/\/tools.google.com\/dlpage\/gaoptout<\/a><\/p>\n<ol start=\"5\">\n<li>Social Media Plugins (Facebook Like-Button)<\/li>\n<\/ol>\n<p>Auf unserer Website sind Plugins des sozialen Netzwerks Facebook eingebunden. Anbieter ist Meta Platforms Ireland Ltd., 4 Grand Canal Square, Dublin 2, Irland.<\/p>\n<p>Beim Besuch unserer Seite kann \u00fcber das Plugin eine direkte Verbindung zwischen Ihrem Browser und dem Facebook-Server hergestellt werden. Facebook erh\u00e4lt dadurch die Information, dass Sie mit Ihrer IP-Adresse unsere Seite besucht haben.<\/p>\n<p>Wenn Sie nicht m\u00f6chten, dass Facebook den Besuch unserer Seiten Ihrem Nutzerkonto zuordnet, loggen Sie sich bitte vor dem Besuch unserer Seite aus Facebook aus.<\/p>\n<p>Weitere Informationen: <a href=\"https:\/\/de-de.facebook.com\/policy.php\">https:\/\/de-de.facebook.com\/policy.php<\/a><\/p>\n<ol start=\"6\">\n<li>Ihre Rechte<\/li>\n<\/ol>\n<p>Sie haben das Recht auf Auskunft (Art. 15 DSGVO), Berichtigung (Art. 16), L\u00f6schung (Art. 17), Einschr\u00e4nkung der Verarbeitung (Art. 18), Daten\u00fcbertragbarkeit (Art. 20) und Widerspruch (Art. 21). Zur Aus\u00fcbung Ihrer Rechte wenden Sie sich bitte an <a href=\"mailto:info@dhd-maerkte.de\">info@dhd-maerkte.de<\/a>.<\/p>\n<ol start=\"7\">\n<li>Beschwerderecht bei der Aufsichtsbeh\u00f6rde<\/li>\n<\/ol>\n<p>Sie haben das Recht, sich bei einer Datenschutz-Aufsichtsbeh\u00f6rde \u00fcber die Verarbeitung Ihrer personenbezogenen Daten zu beschweren.<\/p>\n<ol start=\"8\">\n<li>\u00c4nderungen dieser Datenschutzerkl\u00e4rung<\/li>\n<\/ol>\n<p>Wir behalten uns vor, diese Datenschutzerkl\u00e4rung gelegentlich anzupassen, um sie an aktuelle rechtliche Anforderungen oder \u00c4nderungen unseres Angebots anzupassen.<\/p>\n","protected":false},"excerpt":{"rendered":"<p>Wir freuen uns \u00fcber Ihr Interesse an unserer Website. Der Schutz Ihrer personenbezogenen Daten ist&hellip; <a class=\"continue\" href=\"https:\/\/www.dhd-maerkte.de\/?page_id=5730\">weiter lesen<span> Datenschutz<\/span><\/a><\/p>\n","protected":false},"author":5,"featured_media":0,"parent":0,"menu_order":0,"comment_status":"closed","ping_status":"closed","template":"","meta":{"ngg_post_thumbnail":0,"footnotes":""},"class_list":["post-5730","page","type-page","status-publish","hentry"],"yoast_head":"<!-- This site is optimized with the Yoast SEO plugin v27.5 - https:\/\/yoast.com\/product\/yoast-seo-wordpress\/ -->\n<title>Datenschutz - DHD M\u00e4rkte<\/title>\n<meta name=\"robots\" content=\"index, follow, max-snippet:-1, max-image-preview:large, max-video-preview:-1\" \/>\n<link rel=\"canonical\" href=\"https:\/\/www.dhd-maerkte.de\/?page_id=5730\" \/>\n<meta property=\"og:locale\" content=\"de_DE\" \/>\n<meta property=\"og:type\" content=\"article\" \/>\n<meta property=\"og:title\" content=\"Datenschutz - DHD M\u00e4rkte\" \/>\n<meta property=\"og:description\" content=\"Wir freuen uns \u00fcber Ihr Interesse an unserer Website. Der Schutz Ihrer personenbezogenen Daten ist&hellip; weiter lesen Datenschutz\" \/>\n<meta property=\"og:url\" content=\"https:\/\/www.dhd-maerkte.de\/?page_id=5730\" \/>\n<meta property=\"og:site_name\" content=\"DHD M\u00e4rkte\" \/>\n<meta property=\"article:modified_time\" content=\"2025-07-16T10:55:08+00:00\" \/>\n<meta name=\"twitter:card\" content=\"summary_large_image\" \/>\n<meta name=\"twitter:label1\" content=\"Gesch\u00e4tzte Lesezeit\" \/>\n\t<meta name=\"twitter:data1\" content=\"3\u00a0Minuten\" \/>\n<script type=\"application\/ld+json\" class=\"yoast-schema-graph\">{\"@context\":\"https:\\\/\\\/schema.org\",\"@graph\":[{\"@type\":\"WebPage\",\"@id\":\"https:\\\/\\\/www.dhd-maerkte.de\\\/?page_id=5730\",\"url\":\"https:\\\/\\\/www.dhd-maerkte.de\\\/?page_id=5730\",\"name\":\"Datenschutz - DHD M\u00e4rkte\",\"isPartOf\":{\"@id\":\"https:\\\/\\\/www.dhd-maerkte.de\\\/#website\"},\"datePublished\":\"2018-05-18T08:20:07+00:00\",\"dateModified\":\"2025-07-16T10:55:08+00:00\",\"breadcrumb\":{\"@id\":\"https:\\\/\\\/www.dhd-maerkte.de\\\/?page_id=5730#breadcrumb\"},\"inLanguage\":\"de\",\"potentialAction\":[{\"@type\":\"ReadAction\",\"target\":[\"https:\\\/\\\/www.dhd-maerkte.de\\\/?page_id=5730\"]}]},{\"@type\":\"BreadcrumbList\",\"@id\":\"https:\\\/\\\/www.dhd-maerkte.de\\\/?page_id=5730#breadcrumb\",\"itemListElement\":[{\"@type\":\"ListItem\",\"position\":1,\"name\":\"Startseite\",\"item\":\"https:\\\/\\\/www.dhd-maerkte.de\\\/\"},{\"@type\":\"ListItem\",\"position\":2,\"name\":\"Datenschutz\"}]},{\"@type\":\"WebSite\",\"@id\":\"https:\\\/\\\/www.dhd-maerkte.de\\\/#website\",\"url\":\"https:\\\/\\\/www.dhd-maerkte.de\\\/\",\"name\":\"DHD M\u00e4rkte\",\"description\":\"Gro\u00dfflohm\u00e4rkte in deiner Region\",\"potentialAction\":[{\"@type\":\"SearchAction\",\"target\":{\"@type\":\"EntryPoint\",\"urlTemplate\":\"https:\\\/\\\/www.dhd-maerkte.de\\\/?s={search_term_string}\"},\"query-input\":{\"@type\":\"PropertyValueSpecification\",\"valueRequired\":true,\"valueName\":\"search_term_string\"}}],\"inLanguage\":\"de\"}]}<\/script>\n<!-- \/ Yoast SEO plugin. -->","yoast_head_json":{"title":"Datenschutz - DHD M\u00e4rkte","robots":{"index":"index","follow":"follow","max-snippet":"max-snippet:-1","max-image-preview":"max-image-preview:large","max-video-preview":"max-video-preview:-1"},"canonical":"https:\/\/www.dhd-maerkte.de\/?page_id=5730","og_locale":"de_DE","og_type":"article","og_title":"Datenschutz - DHD M\u00e4rkte","og_description":"Wir freuen uns \u00fcber Ihr Interesse an unserer Website. Der Schutz Ihrer personenbezogenen Daten ist&hellip; weiter lesen Datenschutz","og_url":"https:\/\/www.dhd-maerkte.de\/?page_id=5730","og_site_name":"DHD M\u00e4rkte","article_modified_time":"2025-07-16T10:55:08+00:00","twitter_card":"summary_large_image","twitter_misc":{"Gesch\u00e4tzte Lesezeit":"3\u00a0Minuten"},"schema":{"@context":"https:\/\/schema.org","@graph":[{"@type":"WebPage","@id":"https:\/\/www.dhd-maerkte.de\/?page_id=5730","url":"https:\/\/www.dhd-maerkte.de\/?page_id=5730","name":"Datenschutz - DHD M\u00e4rkte","isPartOf":{"@id":"https:\/\/www.dhd-maerkte.de\/#website"},"datePublished":"2018-05-18T08:20:07+00:00","dateModified":"2025-07-16T10:55:08+00:00","breadcrumb":{"@id":"https:\/\/www.dhd-maerkte.de\/?page_id=5730#breadcrumb"},"inLanguage":"de","potentialAction":[{"@type":"ReadAction","target":["https:\/\/www.dhd-maerkte.de\/?page_id=5730"]}]},{"@type":"BreadcrumbList","@id":"https:\/\/www.dhd-maerkte.de\/?page_id=5730#breadcrumb","itemListElement":[{"@type":"ListItem","position":1,"name":"Startseite","item":"https:\/\/www.dhd-maerkte.de\/"},{"@type":"ListItem","position":2,"name":"Datenschutz"}]},{"@type":"WebSite","@id":"https:\/\/www.dhd-maerkte.de\/#website","url":"https:\/\/www.dhd-maerkte.de\/","name":"DHD M\u00e4rkte","description":"Gro\u00dfflohm\u00e4rkte in deiner Region","potentialAction":[{"@type":"SearchAction","target":{"@type":"EntryPoint","urlTemplate":"https:\/\/www.dhd-maerkte.de\/?s={search_term_string}"},"query-input":{"@type":"PropertyValueSpecification","valueRequired":true,"valueName":"search_term_string"}}],"inLanguage":"de"}]}},"_links":{"self":[{"href":"https:\/\/www.dhd-maerkte.de\/index.php?rest_route=\/wp\/v2\/pages\/5730","targetHints":{"allow":["GET"]}}],"collection":[{"href":"https:\/\/www.dhd-maerkte.de\/index.php?rest_route=\/wp\/v2\/pages"}],"about":[{"href":"https:\/\/www.dhd-maerkte.de\/index.php?rest_route=\/wp\/v2\/types\/page"}],"author":[{"embeddable":true,"href":"https:\/\/www.dhd-maerkte.de\/index.php?rest_route=\/wp\/v2\/users\/5"}],"replies":[{"embeddable":true,"href":"https:\/\/www.dhd-maerkte.de\/index.php?rest_route=%2Fwp%2Fv2%2Fcomments&post=5730"}],"version-history":[{"count":0,"href":"https:\/\/www.dhd-maerkte.de\/index.php?rest_route=\/wp\/v2\/pages\/5730\/revisions"}],"wp:attachment":[{"href":"https:\/\/www.dhd-maerkte.de\/index.php?rest_route=%2Fwp%2Fv2%2Fmedia&parent=5730"}],"curies":[{"name":"wp","href":"https:\/\/api.w.org\/{rel}","templated":true}]}}