{"id":4484,"date":"2016-11-15T13:37:29","date_gmt":"2016-11-15T13:37:29","guid":{"rendered":"http:\/\/www.dhd-maerkte.de\/calendar\/"},"modified":"2022-02-25T14:43:14","modified_gmt":"2022-02-25T13:43:14","slug":"calendar","status":"publish","type":"page","link":"https:\/\/www.dhd-maerkte.de\/?page_id=4484","title":{"rendered":"Calendar"},"content":{"rendered":"\n<p>\u00a0[timely-calendar]\n","protected":false},"excerpt":{"rendered":"<p>\u00a0[timely-calendar]<\/p>\n","protected":false},"author":5,"featured_media":0,"parent":0,"menu_order":0,"comment_status":"closed","ping_status":"closed","template":"","meta":{"ngg_post_thumbnail":0,"footnotes":""},"class_list":["post-4484","page","type-page","status-publish","hentry"],"yoast_head":"<!-- This site is optimized with the Yoast SEO plugin v27.3 - https:\/\/yoast.com\/product\/yoast-seo-wordpress\/ -->\n<title>Calendar - DHD M\u00e4rkte<\/title>\n<meta name=\"robots\" content=\"index, follow, max-snippet:-1, max-image-preview:large, max-video-preview:-1\" \/>\n<link rel=\"canonical\" href=\"https:\/\/www.dhd-maerkte.de\/?page_id=4484\" \/>\n<meta property=\"og:locale\" content=\"de_DE\" \/>\n<meta property=\"og:type\" content=\"article\" \/>\n<meta property=\"og:title\" content=\"Calendar - DHD M\u00e4rkte\" \/>\n<meta property=\"og:description\" content=\"\u00a0[timely-calendar]\" \/>\n<meta property=\"og:url\" content=\"https:\/\/www.dhd-maerkte.de\/?page_id=4484\" \/>\n<meta property=\"og:site_name\" content=\"DHD M\u00e4rkte\" \/>\n<meta property=\"article:modified_time\" content=\"2022-02-25T13:43:14+00:00\" \/>\n<meta name=\"twitter:card\" content=\"summary_large_image\" \/>\n<meta name=\"twitter:label1\" content=\"Gesch\u00e4tzte Lesezeit\" \/>\n\t<meta name=\"twitter:data1\" content=\"1\u00a0Minute\" \/>\n<script type=\"application\/ld+json\" class=\"yoast-schema-graph\">{\"@context\":\"https:\\\/\\\/schema.org\",\"@graph\":[{\"@type\":\"WebPage\",\"@id\":\"https:\\\/\\\/www.dhd-maerkte.de\\\/?page_id=4484\",\"url\":\"https:\\\/\\\/www.dhd-maerkte.de\\\/?page_id=4484\",\"name\":\"Calendar - DHD M\u00e4rkte\",\"isPartOf\":{\"@id\":\"https:\\\/\\\/www.dhd-maerkte.de\\\/#website\"},\"datePublished\":\"2016-11-15T13:37:29+00:00\",\"dateModified\":\"2022-02-25T13:43:14+00:00\",\"breadcrumb\":{\"@id\":\"https:\\\/\\\/www.dhd-maerkte.de\\\/?page_id=4484#breadcrumb\"},\"inLanguage\":\"de\",\"potentialAction\":[{\"@type\":\"ReadAction\",\"target\":[\"https:\\\/\\\/www.dhd-maerkte.de\\\/?page_id=4484\"]}]},{\"@type\":\"BreadcrumbList\",\"@id\":\"https:\\\/\\\/www.dhd-maerkte.de\\\/?page_id=4484#breadcrumb\",\"itemListElement\":[{\"@type\":\"ListItem\",\"position\":1,\"name\":\"Startseite\",\"item\":\"https:\\\/\\\/www.dhd-maerkte.de\\\/\"},{\"@type\":\"ListItem\",\"position\":2,\"name\":\"Calendar\"}]},{\"@type\":\"WebSite\",\"@id\":\"https:\\\/\\\/www.dhd-maerkte.de\\\/#website\",\"url\":\"https:\\\/\\\/www.dhd-maerkte.de\\\/\",\"name\":\"DHD M\u00e4rkte\",\"description\":\"Gro\u00dfflohm\u00e4rkte in deiner Region\",\"potentialAction\":[{\"@type\":\"SearchAction\",\"target\":{\"@type\":\"EntryPoint\",\"urlTemplate\":\"https:\\\/\\\/www.dhd-maerkte.de\\\/?s={search_term_string}\"},\"query-input\":{\"@type\":\"PropertyValueSpecification\",\"valueRequired\":true,\"valueName\":\"search_term_string\"}}],\"inLanguage\":\"de\"}]}<\/script>\n<!-- \/ Yoast SEO plugin. -->","yoast_head_json":{"title":"Calendar - DHD M\u00e4rkte","robots":{"index":"index","follow":"follow","max-snippet":"max-snippet:-1","max-image-preview":"max-image-preview:large","max-video-preview":"max-video-preview:-1"},"canonical":"https:\/\/www.dhd-maerkte.de\/?page_id=4484","og_locale":"de_DE","og_type":"article","og_title":"Calendar - DHD M\u00e4rkte","og_description":"\u00a0[timely-calendar]","og_url":"https:\/\/www.dhd-maerkte.de\/?page_id=4484","og_site_name":"DHD M\u00e4rkte","article_modified_time":"2022-02-25T13:43:14+00:00","twitter_card":"summary_large_image","twitter_misc":{"Gesch\u00e4tzte Lesezeit":"1\u00a0Minute"},"schema":{"@context":"https:\/\/schema.org","@graph":[{"@type":"WebPage","@id":"https:\/\/www.dhd-maerkte.de\/?page_id=4484","url":"https:\/\/www.dhd-maerkte.de\/?page_id=4484","name":"Calendar - DHD M\u00e4rkte","isPartOf":{"@id":"https:\/\/www.dhd-maerkte.de\/#website"},"datePublished":"2016-11-15T13:37:29+00:00","dateModified":"2022-02-25T13:43:14+00:00","breadcrumb":{"@id":"https:\/\/www.dhd-maerkte.de\/?page_id=4484#breadcrumb"},"inLanguage":"de","potentialAction":[{"@type":"ReadAction","target":["https:\/\/www.dhd-maerkte.de\/?page_id=4484"]}]},{"@type":"BreadcrumbList","@id":"https:\/\/www.dhd-maerkte.de\/?page_id=4484#breadcrumb","itemListElement":[{"@type":"ListItem","position":1,"name":"Startseite","item":"https:\/\/www.dhd-maerkte.de\/"},{"@type":"ListItem","position":2,"name":"Calendar"}]},{"@type":"WebSite","@id":"https:\/\/www.dhd-maerkte.de\/#website","url":"https:\/\/www.dhd-maerkte.de\/","name":"DHD M\u00e4rkte","description":"Gro\u00dfflohm\u00e4rkte in deiner Region","potentialAction":[{"@type":"SearchAction","target":{"@type":"EntryPoint","urlTemplate":"https:\/\/www.dhd-maerkte.de\/?s={search_term_string}"},"query-input":{"@type":"PropertyValueSpecification","valueRequired":true,"valueName":"search_term_string"}}],"inLanguage":"de"}]}},"_links":{"self":[{"href":"https:\/\/www.dhd-maerkte.de\/index.php?rest_route=\/wp\/v2\/pages\/4484","targetHints":{"allow":["GET"]}}],"collection":[{"href":"https:\/\/www.dhd-maerkte.de\/index.php?rest_route=\/wp\/v2\/pages"}],"about":[{"href":"https:\/\/www.dhd-maerkte.de\/index.php?rest_route=\/wp\/v2\/types\/page"}],"author":[{"embeddable":true,"href":"https:\/\/www.dhd-maerkte.de\/index.php?rest_route=\/wp\/v2\/users\/5"}],"replies":[{"embeddable":true,"href":"https:\/\/www.dhd-maerkte.de\/index.php?rest_route=%2Fwp%2Fv2%2Fcomments&post=4484"}],"version-history":[{"count":0,"href":"https:\/\/www.dhd-maerkte.de\/index.php?rest_route=\/wp\/v2\/pages\/4484\/revisions"}],"wp:attachment":[{"href":"https:\/\/www.dhd-maerkte.de\/index.php?rest_route=%2Fwp%2Fv2%2Fmedia&parent=4484"}],"curies":[{"name":"wp","href":"https:\/\/api.w.org\/{rel}","templated":true}]}}