{"id":44,"date":"2007-08-02T17:06:19","date_gmt":"2007-08-02T15:06:19","guid":{"rendered":"http:\/\/h1313429.stratoserver.net\/index.php\/teams\/"},"modified":"2022-04-06T21:30:21","modified_gmt":"2022-04-06T19:30:21","slug":"teams","status":"publish","type":"page","link":"https:\/\/www.dhd-maerkte.de\/?page_id=44","title":{"rendered":"Jobs"},"content":{"rendered":"\n<div class=\"wp-block-image\"><figure class=\"alignright size-large is-resized\"><a href=\"https:\/\/www.dhd-maerkte.de\/wp-content\/uploads\/2020\/10\/DSCF3281-2-scaled.jpg\" rel=\"lightbox[44]\"><img loading=\"lazy\" decoding=\"async\" src=\"https:\/\/www.dhd-maerkte.de\/wp-content\/uploads\/2020\/10\/DSCF3281-2-1024x768.jpg\" alt=\"\" class=\"wp-image-9541\" width=\"452\" height=\"338\"\/><\/a><\/figure><\/div>\n\n\n\n<h2 class=\"has-text-align-center wp-block-heading\" style=\"font-size:26px\">Wir suchen: <\/h2>\n\n\n\n<p><\/p>\n\n\n\n<h2 class=\"has-text-align-center wp-block-heading\" style=\"font-size:26px\">Mitarbeiter in <span style=\"color:#e84747\" class=\"has-inline-color\">leitender Position <\/span>auf unseren M\u00e4rkten<\/h2>\n\n\n\n<p>Marktleitung und Vertretung der Marktleitung vor Ort!<\/p>\n\n\n\n<div style=\"height:100px\" aria-hidden=\"true\" class=\"wp-block-spacer\"><\/div>\n\n\n\n<div class=\"wp-block-image\"><figure class=\"alignright size-large is-resized\"><a href=\"https:\/\/www.dhd-maerkte.de\/wp-content\/uploads\/2019\/02\/lgh10.jpg\" rel=\"lightbox[44]\"><img loading=\"lazy\" decoding=\"async\" src=\"https:\/\/www.dhd-maerkte.de\/wp-content\/uploads\/2020\/10\/lgh10-edited.jpg\" alt=\"\" class=\"wp-image-9542\" width=\"218\" height=\"386\"\/><\/a><\/figure><\/div>\n\n\n\n<ul class=\"wp-block-list\"><li><strong>Mitarbeiter\/in aus dem Raum Bielefeld, Lemgo, Bad Salzuflen, Hannover<\/strong>.<ul><li>Gern Sch\u00fcler, Studenten oder Rentner f\u00fcr den Ordnungsdienst<\/li><\/ul><ul><li>Bedingung: p\u00fcnktlich, ordentlich, freundlich. <\/li><li>Arbeitszeit: samstags, 5.oo Uhr bis ca. 17.ooUhr oder \/ und Sonntags bzw. nach Absprache.&nbsp;<\/li><li>Bewerbungen bitte per email an: info@dhd-maerkte.de oder<\/li><\/ul><\/li><\/ul>\n\n\n\n[contact-form-7 id=&#8220;4775&#8243; title=&#8220;Job Angebote&#8220;]\n\n\n\n<p><\/p>\n\n\n\n<p><\/p>\n\n\n\n<ul class=\"wp-block-list\"><li>Unsere Mitarbeiter:<ul><li><strong>Eckhard Nahrwold<\/strong>(Ltg. dhd-maerkte)<\/li><li><strong>Christian <\/strong>(Marktleitung: Neue Bult in Langenhagen, Telekomgel\u00e4nde 2.0 in Bad Salzuflen, Messegel\u00e4nde Bad Salzuflen,&nbsp;IKEA, Regenstorplatz in Lemgo und andere)<\/li><li><strong>J\u00f6rg&nbsp;<\/strong>(Marktleitung: Osnabr\u00fcck Halle Gartlage, Osnabr\u00fcck IKEA, DT-Kreishaus, Second-Hand-Modemarkt)<\/li><li><strong>Peter<\/strong> (Platzmeister Langenhagen)<\/li><li><strong>Andre<\/strong> (Marktleitung Hannover Messe)<\/li><li>Steffi (Organisation Langenhagen)<\/li><li><strong>Ordnungsdienste<\/strong>: Lara, Marie, Lieni, Sandra, Mandy, Wolfi, Ben, Steven, Luca, Tim, Simon, Moritz, Yasemine, S\u00f6ren, Julia, Karolina, Brua, Kudheda, Leon, J\u00f6rg, Joschua,  Elias, Arthur, Phillip, Zifai, Nico, Jobst, Laura, Pia, Anton, Jennifer, Insa, Andrej, Maren, Johanna, Stephanie, Katrin, Maria, Jasmin, Gabriel und viele mehr<\/li><\/ul><\/li><\/ul>\n\n\n\n<p class=\"has-text-align-center has-medium-font-size\">Das ein Job auch Spa\u00df machen kann, sehr ihr hier \ud83d\ude09<\/p>\n\n\n\n<div style=\"height:100px\" aria-hidden=\"true\" class=\"wp-block-spacer\"><\/div>\n\n\n\n<figure class=\"wp-block-gallery has-nested-images columns-default is-cropped wp-block-gallery-1 is-layout-flex wp-block-gallery-is-layout-flex\">\n<figure class=\"wp-block-image size-large\"><a href=\"https:\/\/www.dhd-maerkte.de\/wp-content\/uploads\/2019\/02\/lgh8.jpg\" rel=\"lightbox[44]\"><img decoding=\"async\" data-id=\"7377\" src=\"https:\/\/www.dhd-maerkte.de\/wp-content\/uploads\/2019\/02\/lgh8-768x1024.jpg\" alt=\"\" class=\"wp-image-7377\"\/><\/a><\/figure>\n\n\n\n<figure class=\"wp-block-image size-large\"><a href=\"https:\/\/www.dhd-maerkte.de\/wp-content\/uploads\/2019\/02\/lgh11.jpg\" rel=\"lightbox[44]\"><img loading=\"lazy\" decoding=\"async\" width=\"576\" height=\"1024\" data-id=\"7380\" src=\"https:\/\/www.dhd-maerkte.de\/wp-content\/uploads\/2019\/02\/lgh11-576x1024.jpg\" alt=\"\" class=\"wp-image-7380\" srcset=\"https:\/\/www.dhd-maerkte.de\/wp-content\/uploads\/2019\/02\/lgh11-576x1024.jpg 576w, https:\/\/www.dhd-maerkte.de\/wp-content\/uploads\/2019\/02\/lgh11-169x300.jpg 169w, https:\/\/www.dhd-maerkte.de\/wp-content\/uploads\/2019\/02\/lgh11-768x1365.jpg 768w, https:\/\/www.dhd-maerkte.de\/wp-content\/uploads\/2019\/02\/lgh11.jpg 900w\" sizes=\"auto, (max-width: 576px) 100vw, 576px\" \/><\/a><\/figure>\n\n\n\n<figure class=\"wp-block-image size-large\"><a href=\"https:\/\/www.dhd-maerkte.de\/wp-content\/uploads\/2019\/02\/lgh6.jpg\" rel=\"lightbox[44]\"><img loading=\"lazy\" decoding=\"async\" width=\"768\" height=\"1024\" data-id=\"7375\" src=\"https:\/\/www.dhd-maerkte.de\/wp-content\/uploads\/2019\/02\/lgh6-768x1024.jpg\" alt=\"\" class=\"wp-image-7375\" srcset=\"https:\/\/www.dhd-maerkte.de\/wp-content\/uploads\/2019\/02\/lgh6-768x1024.jpg 768w, https:\/\/www.dhd-maerkte.de\/wp-content\/uploads\/2019\/02\/lgh6-225x300.jpg 225w, https:\/\/www.dhd-maerkte.de\/wp-content\/uploads\/2019\/02\/lgh6.jpg 1200w\" sizes=\"auto, (max-width: 768px) 100vw, 768px\" \/><\/a><\/figure>\n\n\n\n<figure class=\"wp-block-image size-large\"><a href=\"https:\/\/www.dhd-maerkte.de\/wp-content\/uploads\/2020\/10\/IMG_0660-scaled.jpg\" rel=\"lightbox[44]\"><img loading=\"lazy\" decoding=\"async\" width=\"1024\" height=\"683\" data-id=\"9545\" src=\"https:\/\/www.dhd-maerkte.de\/wp-content\/uploads\/2020\/10\/IMG_0660-1024x683.jpg\" alt=\"\" class=\"wp-image-9545\" srcset=\"https:\/\/www.dhd-maerkte.de\/wp-content\/uploads\/2020\/10\/IMG_0660-1024x683.jpg 1024w, https:\/\/www.dhd-maerkte.de\/wp-content\/uploads\/2020\/10\/IMG_0660-300x200.jpg 300w, https:\/\/www.dhd-maerkte.de\/wp-content\/uploads\/2020\/10\/IMG_0660-768x512.jpg 768w, https:\/\/www.dhd-maerkte.de\/wp-content\/uploads\/2020\/10\/IMG_0660-1536x1024.jpg 1536w, https:\/\/www.dhd-maerkte.de\/wp-content\/uploads\/2020\/10\/IMG_0660-2048x1365.jpg 2048w\" sizes=\"auto, (max-width: 1024px) 100vw, 1024px\" \/><\/a><\/figure>\n\n\n\n<figure class=\"wp-block-image size-large\"><a href=\"https:\/\/www.dhd-maerkte.de\/wp-content\/uploads\/2013\/06\/IMG_6735.jpg\" rel=\"lightbox[44]\"><img decoding=\"async\" data-id=\"3836\" src=\"https:\/\/www.dhd-maerkte.de\/wp-content\/uploads\/2013\/06\/IMG_6735-1024x768.jpg\" alt=\"\" class=\"wp-image-3836\"\/><\/a><\/figure>\n\n\n\n<figure class=\"wp-block-image size-large\"><a href=\"https:\/\/www.dhd-maerkte.de\/wp-content\/uploads\/2020\/10\/IMG-20181209-WA0003.jpg\" rel=\"lightbox[44]\"><img decoding=\"async\" data-id=\"9544\" src=\"https:\/\/www.dhd-maerkte.de\/wp-content\/uploads\/2020\/10\/IMG-20181209-WA0003-1024x768.jpg\" alt=\"\" class=\"wp-image-9544\"\/><\/a><figcaption>Vom Ordner zum Weihnachtsmann aufgestiegen<\/figcaption><\/figure>\n<\/figure>\n\n\n\n<p><\/p>\n","protected":false},"excerpt":{"rendered":"<p>Wir suchen: Mitarbeiter in leitender Position auf unseren M\u00e4rkten Marktleitung und Vertretung der Marktleitung vor&hellip; <a class=\"continue\" href=\"https:\/\/www.dhd-maerkte.de\/?page_id=44\">weiter lesen<span> Jobs<\/span><\/a><\/p>\n","protected":false},"author":5,"featured_media":7380,"parent":0,"menu_order":4,"comment_status":"closed","ping_status":"open","template":"","meta":{"ngg_post_thumbnail":0,"footnotes":""},"class_list":["post-44","page","type-page","status-publish","has-post-thumbnail","hentry"],"yoast_head":"<!-- This site is optimized with the Yoast SEO plugin v27.4 - https:\/\/yoast.com\/product\/yoast-seo-wordpress\/ -->\n<title>Jobs - DHD M\u00e4rkte<\/title>\n<meta name=\"robots\" content=\"index, follow, max-snippet:-1, max-image-preview:large, max-video-preview:-1\" \/>\n<link rel=\"canonical\" href=\"https:\/\/www.dhd-maerkte.de\/?page_id=44\" \/>\n<meta property=\"og:locale\" content=\"de_DE\" \/>\n<meta property=\"og:type\" content=\"article\" \/>\n<meta property=\"og:title\" content=\"Jobs - DHD M\u00e4rkte\" \/>\n<meta property=\"og:description\" content=\"Wir suchen: Mitarbeiter in leitender Position auf unseren M\u00e4rkten Marktleitung und Vertretung der Marktleitung vor&hellip; weiter lesen Jobs\" \/>\n<meta property=\"og:url\" content=\"https:\/\/www.dhd-maerkte.de\/?page_id=44\" \/>\n<meta property=\"og:site_name\" content=\"DHD M\u00e4rkte\" \/>\n<meta property=\"article:modified_time\" content=\"2022-04-06T19:30:21+00:00\" \/>\n<meta property=\"og:image\" content=\"https:\/\/www.dhd-maerkte.de\/wp-content\/uploads\/2019\/02\/lgh11.jpg\" \/>\n\t<meta property=\"og:image:width\" content=\"900\" \/>\n\t<meta property=\"og:image:height\" content=\"1600\" \/>\n\t<meta property=\"og:image:type\" content=\"image\/jpeg\" \/>\n<meta name=\"twitter:card\" content=\"summary_large_image\" \/>\n<meta name=\"twitter:label1\" content=\"Gesch\u00e4tzte Lesezeit\" \/>\n\t<meta name=\"twitter:data1\" content=\"3\u00a0Minuten\" \/>\n<script type=\"application\/ld+json\" class=\"yoast-schema-graph\">{\"@context\":\"https:\\\/\\\/schema.org\",\"@graph\":[{\"@type\":\"WebPage\",\"@id\":\"https:\\\/\\\/www.dhd-maerkte.de\\\/?page_id=44\",\"url\":\"https:\\\/\\\/www.dhd-maerkte.de\\\/?page_id=44\",\"name\":\"Jobs - DHD M\u00e4rkte\",\"isPartOf\":{\"@id\":\"https:\\\/\\\/www.dhd-maerkte.de\\\/#website\"},\"primaryImageOfPage\":{\"@id\":\"https:\\\/\\\/www.dhd-maerkte.de\\\/?page_id=44#primaryimage\"},\"image\":{\"@id\":\"https:\\\/\\\/www.dhd-maerkte.de\\\/?page_id=44#primaryimage\"},\"thumbnailUrl\":\"https:\\\/\\\/www.dhd-maerkte.de\\\/wp-content\\\/uploads\\\/2019\\\/02\\\/lgh11.jpg\",\"datePublished\":\"2007-08-02T15:06:19+00:00\",\"dateModified\":\"2022-04-06T19:30:21+00:00\",\"breadcrumb\":{\"@id\":\"https:\\\/\\\/www.dhd-maerkte.de\\\/?page_id=44#breadcrumb\"},\"inLanguage\":\"de\",\"potentialAction\":[{\"@type\":\"ReadAction\",\"target\":[\"https:\\\/\\\/www.dhd-maerkte.de\\\/?page_id=44\"]}]},{\"@type\":\"ImageObject\",\"inLanguage\":\"de\",\"@id\":\"https:\\\/\\\/www.dhd-maerkte.de\\\/?page_id=44#primaryimage\",\"url\":\"https:\\\/\\\/www.dhd-maerkte.de\\\/wp-content\\\/uploads\\\/2019\\\/02\\\/lgh11.jpg\",\"contentUrl\":\"https:\\\/\\\/www.dhd-maerkte.de\\\/wp-content\\\/uploads\\\/2019\\\/02\\\/lgh11.jpg\",\"width\":900,\"height\":1600},{\"@type\":\"BreadcrumbList\",\"@id\":\"https:\\\/\\\/www.dhd-maerkte.de\\\/?page_id=44#breadcrumb\",\"itemListElement\":[{\"@type\":\"ListItem\",\"position\":1,\"name\":\"Startseite\",\"item\":\"https:\\\/\\\/www.dhd-maerkte.de\\\/\"},{\"@type\":\"ListItem\",\"position\":2,\"name\":\"Jobs\"}]},{\"@type\":\"WebSite\",\"@id\":\"https:\\\/\\\/www.dhd-maerkte.de\\\/#website\",\"url\":\"https:\\\/\\\/www.dhd-maerkte.de\\\/\",\"name\":\"DHD M\u00e4rkte\",\"description\":\"Gro\u00dfflohm\u00e4rkte in deiner Region\",\"potentialAction\":[{\"@type\":\"SearchAction\",\"target\":{\"@type\":\"EntryPoint\",\"urlTemplate\":\"https:\\\/\\\/www.dhd-maerkte.de\\\/?s={search_term_string}\"},\"query-input\":{\"@type\":\"PropertyValueSpecification\",\"valueRequired\":true,\"valueName\":\"search_term_string\"}}],\"inLanguage\":\"de\"}]}<\/script>\n<!-- \/ Yoast SEO plugin. -->","yoast_head_json":{"title":"Jobs - DHD M\u00e4rkte","robots":{"index":"index","follow":"follow","max-snippet":"max-snippet:-1","max-image-preview":"max-image-preview:large","max-video-preview":"max-video-preview:-1"},"canonical":"https:\/\/www.dhd-maerkte.de\/?page_id=44","og_locale":"de_DE","og_type":"article","og_title":"Jobs - DHD M\u00e4rkte","og_description":"Wir suchen: Mitarbeiter in leitender Position auf unseren M\u00e4rkten Marktleitung und Vertretung der Marktleitung vor&hellip; weiter lesen Jobs","og_url":"https:\/\/www.dhd-maerkte.de\/?page_id=44","og_site_name":"DHD M\u00e4rkte","article_modified_time":"2022-04-06T19:30:21+00:00","og_image":[{"width":900,"height":1600,"url":"https:\/\/www.dhd-maerkte.de\/wp-content\/uploads\/2019\/02\/lgh11.jpg","type":"image\/jpeg"}],"twitter_card":"summary_large_image","twitter_misc":{"Gesch\u00e4tzte Lesezeit":"3\u00a0Minuten"},"schema":{"@context":"https:\/\/schema.org","@graph":[{"@type":"WebPage","@id":"https:\/\/www.dhd-maerkte.de\/?page_id=44","url":"https:\/\/www.dhd-maerkte.de\/?page_id=44","name":"Jobs - DHD M\u00e4rkte","isPartOf":{"@id":"https:\/\/www.dhd-maerkte.de\/#website"},"primaryImageOfPage":{"@id":"https:\/\/www.dhd-maerkte.de\/?page_id=44#primaryimage"},"image":{"@id":"https:\/\/www.dhd-maerkte.de\/?page_id=44#primaryimage"},"thumbnailUrl":"https:\/\/www.dhd-maerkte.de\/wp-content\/uploads\/2019\/02\/lgh11.jpg","datePublished":"2007-08-02T15:06:19+00:00","dateModified":"2022-04-06T19:30:21+00:00","breadcrumb":{"@id":"https:\/\/www.dhd-maerkte.de\/?page_id=44#breadcrumb"},"inLanguage":"de","potentialAction":[{"@type":"ReadAction","target":["https:\/\/www.dhd-maerkte.de\/?page_id=44"]}]},{"@type":"ImageObject","inLanguage":"de","@id":"https:\/\/www.dhd-maerkte.de\/?page_id=44#primaryimage","url":"https:\/\/www.dhd-maerkte.de\/wp-content\/uploads\/2019\/02\/lgh11.jpg","contentUrl":"https:\/\/www.dhd-maerkte.de\/wp-content\/uploads\/2019\/02\/lgh11.jpg","width":900,"height":1600},{"@type":"BreadcrumbList","@id":"https:\/\/www.dhd-maerkte.de\/?page_id=44#breadcrumb","itemListElement":[{"@type":"ListItem","position":1,"name":"Startseite","item":"https:\/\/www.dhd-maerkte.de\/"},{"@type":"ListItem","position":2,"name":"Jobs"}]},{"@type":"WebSite","@id":"https:\/\/www.dhd-maerkte.de\/#website","url":"https:\/\/www.dhd-maerkte.de\/","name":"DHD M\u00e4rkte","description":"Gro\u00dfflohm\u00e4rkte in deiner Region","potentialAction":[{"@type":"SearchAction","target":{"@type":"EntryPoint","urlTemplate":"https:\/\/www.dhd-maerkte.de\/?s={search_term_string}"},"query-input":{"@type":"PropertyValueSpecification","valueRequired":true,"valueName":"search_term_string"}}],"inLanguage":"de"}]}},"_links":{"self":[{"href":"https:\/\/www.dhd-maerkte.de\/index.php?rest_route=\/wp\/v2\/pages\/44","targetHints":{"allow":["GET"]}}],"collection":[{"href":"https:\/\/www.dhd-maerkte.de\/index.php?rest_route=\/wp\/v2\/pages"}],"about":[{"href":"https:\/\/www.dhd-maerkte.de\/index.php?rest_route=\/wp\/v2\/types\/page"}],"author":[{"embeddable":true,"href":"https:\/\/www.dhd-maerkte.de\/index.php?rest_route=\/wp\/v2\/users\/5"}],"replies":[{"embeddable":true,"href":"https:\/\/www.dhd-maerkte.de\/index.php?rest_route=%2Fwp%2Fv2%2Fcomments&post=44"}],"version-history":[{"count":0,"href":"https:\/\/www.dhd-maerkte.de\/index.php?rest_route=\/wp\/v2\/pages\/44\/revisions"}],"wp:featuredmedia":[{"embeddable":true,"href":"https:\/\/www.dhd-maerkte.de\/index.php?rest_route=\/wp\/v2\/media\/7380"}],"wp:attachment":[{"href":"https:\/\/www.dhd-maerkte.de\/index.php?rest_route=%2Fwp%2Fv2%2Fmedia&parent=44"}],"curies":[{"name":"wp","href":"https:\/\/api.w.org\/{rel}","templated":true}]}}